{"id":8539,"date":"2025-04-01T09:38:53","date_gmt":"2025-04-01T09:38:53","guid":{"rendered":"https:\/\/www.rohrer-marti.ch\/?page_id=8539"},"modified":"2026-02-17T10:22:04","modified_gmt":"2026-02-17T10:22:04","slug":"jobs","status":"publish","type":"page","link":"https:\/\/www.rohrer-marti.ch\/fr\/jobs\/","title":{"rendered":"Jobs"},"content":{"rendered":"<div class=\"wpb-content-wrapper\"><p>[vc_row][vc_column]<div class=\"vcBlock-lead\"><strong>Ta carri\u00e8re chez Rohrer-Marti &#8211; Penser ensemble, diriger ensemble !\u00a0\u00a0<\/strong><\/p>\n<p class=\"\" data-start=\"135\" data-end=\"423\">Tu cherches un d\u00e9fi passionnant dans un environnement dynamique ? Alors tu es \u00e0 la bonne adresse chez Rohrer-Marti ! Depuis des ann\u00e9es, nous sommes synonymes de qualit\u00e9 et d&rsquo;innovation &#8211; et nous le devons avant tout \u00e0 nos collaborateurs. L&rsquo;avenir commence ici !<\/p>\n<p><\/div>[\/vc_column][\/vc_row][vc_row full_width=\u00a0\u00bbstretch_row\u00a0\u00bb el_class=\u00a0\u00bbrowSectionVorteile\u00a0\u00bb][vc_column]\n\n            <div class=\"vcBlockVorteile noGbImg bgRed alLeft\">\n\n                <div class=\"divContent\" style=\"\"><h3 style=\"\" class=\"vc_custom_heading\">Tes avantages<\/h3><div class=\"wpb_text_column wpb_content_element \">\n\n                        <div class=\"wpb_wrapper\"><\/p>\n<ol>\n<li>Semaine de 40 heures (\u00e0 temps plein) pour un \u00e9quilibre entre vie professionnelle et vie priv\u00e9e<\/li>\n<li>5+2 semaines de cong\u00e9s (dont 2 semaines de cong\u00e9s collectifs anticip\u00e9s)<\/li>\n<li>Horaires flexibles pour une organisation autonome<\/li>\n<li>Situation centrale avec une excellente desserte par les transports publics et des places de parking gratuites<\/li>\n<li>Prestations sociales sup\u00e9rieures \u00e0 la moyenne qui en valent vraiment la peine<\/li>\n<li>Formation approfondie pour vous permettre de d\u00e9marrer rapidement<\/li>\n<li>\u00c9quipe familiale avec une hi\u00e9rarchie horizontale, culture ouverte et \u00e9galitaire<\/li>\n<li>Travail passionnant et vari\u00e9 avec des possibilit\u00e9s d&rsquo;\u00e9volution<\/li>\n<\/ol>\n<p><\/div>\n\n                    <\/div><\/div>\n\n                <i class=\"demo-icon icon-up-open\"> <\/i>\n\n            <\/div>[\/vc_column][\/vc_row][vc_row][vc_column]<div class=\"vcBlock-titel links \"><h2>EMPLOIS VACANTS<\/h2><\/div>[\/vc_column][\/vc_row][vc_row][vc_column][vc_column_text css=\u00a0\u00bb\u00a0\u00bb]<\/p>\n<h1 class=\"textStyle_h2 grid-area_title mt_s16 sm:mt_s24\" data-cy=\"vacancy-title\">Technicien*ne de service apr\u00e8s-vente (SAV) en machines de chantier<\/h1>\n<p><strong>Ta mission<\/strong><\/p>\n<ul>\n<li>En tant que technicien de service, vous effectuez des d\u00e9pannages directement chez nos clients<\/li>\n<li>Vous r\u00e9alisez des travaux d&rsquo;entretiens, de r\u00e9visions et de r\u00e9parations \u00e0 l&rsquo;atelier ou en externe<\/li>\n<li>Vous effectuez des recherches de pannes et diagnostiques gr\u00e2ce des instruments de mesure moderne<\/li>\n<\/ul>\n<p>[\/vc_column_text]<span class=\"vc-block-button\">\n            <a class=\"aBtnMotion linkclass iconclass btnpadding   \" target=\"_blank\" href=\"https:\/\/www.rohrer-marti.ch\/fr\/technicienne-de-service-apres-vente-sav-en-machines-de-chantier-2\/\">En savoir plus<\/a><\/span>[\/vc_column][\/vc_row][vc_row][vc_column][vc_column_text css=\u00a0\u00bb\u00a0\u00bb]<\/p>\n<h1 class=\"textStyle_h2 grid-area_title mt_s16 sm:mt_s24\" data-cy=\"vacancy-title\">Technicien*ne de service apr\u00e8s-vente (SAV) pour chariots \u00e9l\u00e9vateurs<\/h1>\n<p><strong>Ta mission<\/strong><\/p>\n<ul>\n<li>En tant que technicien de service, vous effectuez des d\u00e9pannages directement chez nos clients<\/li>\n<li>Vous r\u00e9alisez des travaux d&rsquo;entretiens, de r\u00e9visions et de r\u00e9parations \u00e0 l&rsquo;atelier ou en externe<\/li>\n<li>Vous effectuez des recherches de pannes et diagnostiques gr\u00e2ce des instruments de mesure moderne<\/li>\n<\/ul>\n<p>[\/vc_column_text]<span class=\"vc-block-button\">\n            <a class=\"aBtnMotion linkclass iconclass btnpadding   \" target=\"_blank\" href=\"https:\/\/www.rohrer-marti.ch\/fr\/technicienne-de-service-apres-vente-sav-en-machines-de-chantier\/\">En savoir plus<\/a><\/span>[\/vc_column][\/vc_row][vc_row][vc_column][vc_column_text css=\u00a0\u00bb\u00a0\u00bb]<\/p>\n<h1 class=\"textStyle_h2 grid-area_title mt_s16 sm:mt_s24\" data-cy=\"vacancy-title\">Apprenti(e) m\u00e9canicien(ne) en mati\u00e8re de machines de chantier<\/h1>\n<p class=\"mb_s12 lastOfType:mb_s0 textStyle_p1\"><strong><span data-teams=\"true\">Ton profil<\/span><\/strong><\/p>\n<ul>\n<li>Un grand int\u00e9r\u00eat pour la technique de construction et les engins de chantier<\/li>\n<li>Tu te d\u00e9finis par ton habilet\u00e9 manuelle, ta pr\u00e9cision et ta grande volont\u00e9 d&rsquo;apprendre<\/li>\n<li>Tu es capable de travailler en \u00e9quipe, tu es fiable et tu as le sens des responsabilit\u00e9s<\/li>\n<\/ul>\n<p>[\/vc_column_text]<span class=\"vc-block-button\">\n            <a class=\"aBtnMotion linkclass iconclass btnpadding   \" target=\"_blank\" href=\"https:\/\/www.rohrer-marti.ch\/fr\/apprentie-mecanicienne-en-matiere-de-machines-de-chantier\/\">En savoir plus<\/a><\/span>[\/vc_column][\/vc_row]<\/p>\n<\/div>","protected":false},"excerpt":{"rendered":"<p>[vc_row][vc_column][\/vc_column][\/vc_row][vc_row full_width=\u00a0\u00bbstretch_row\u00a0\u00bb el_class=\u00a0\u00bbrowSectionVorteile\u00a0\u00bb][vc_column][\/vc_column][\/vc_row][vc_row][vc_column][\/vc_column][\/vc_row][vc_row][vc_column][vc_column_text css=\u00a0\u00bb\u00a0\u00bb] Technicien*ne de service apr\u00e8s-vente (SAV) en machines de chantier Ta mission En tant que technicien de service, vous effectuez des d\u00e9pannages directement chez nos clients Vous r\u00e9alisez des travaux d&rsquo;entretiens, de r\u00e9visions et de r\u00e9parations \u00e0 l&rsquo;atelier ou en externe Vous effectuez des recherches de pannes et diagnostiques gr\u00e2ce des instruments [&hellip;]<\/p>\n","protected":false},"author":2,"featured_media":8530,"parent":0,"menu_order":0,"comment_status":"closed","ping_status":"closed","template":"","meta":{"_acf_changed":false,"footnotes":""},"class_list":["post-8539","page","type-page","status-publish","has-post-thumbnail","hentry"],"acf":[],"_links":{"self":[{"href":"https:\/\/www.rohrer-marti.ch\/fr\/wp-json\/wp\/v2\/pages\/8539","targetHints":{"allow":["GET"]}}],"collection":[{"href":"https:\/\/www.rohrer-marti.ch\/fr\/wp-json\/wp\/v2\/pages"}],"about":[{"href":"https:\/\/www.rohrer-marti.ch\/fr\/wp-json\/wp\/v2\/types\/page"}],"author":[{"embeddable":true,"href":"https:\/\/www.rohrer-marti.ch\/fr\/wp-json\/wp\/v2\/users\/2"}],"replies":[{"embeddable":true,"href":"https:\/\/www.rohrer-marti.ch\/fr\/wp-json\/wp\/v2\/comments?post=8539"}],"version-history":[{"count":19,"href":"https:\/\/www.rohrer-marti.ch\/fr\/wp-json\/wp\/v2\/pages\/8539\/revisions"}],"predecessor-version":[{"id":12257,"href":"https:\/\/www.rohrer-marti.ch\/fr\/wp-json\/wp\/v2\/pages\/8539\/revisions\/12257"}],"wp:featuredmedia":[{"embeddable":true,"href":"https:\/\/www.rohrer-marti.ch\/fr\/wp-json\/wp\/v2\/media\/8530"}],"wp:attachment":[{"href":"https:\/\/www.rohrer-marti.ch\/fr\/wp-json\/wp\/v2\/media?parent=8539"}],"curies":[{"name":"wp","href":"https:\/\/api.w.org\/{rel}","templated":true}]}}