{"id":11675,"date":"2025-11-14T09:18:13","date_gmt":"2025-11-14T09:18:13","guid":{"rendered":"https:\/\/www.rohrer-marti.ch\/?page_id=11675"},"modified":"2025-11-14T09:33:06","modified_gmt":"2025-11-14T09:33:06","slug":"apprentie-mecanicienne-en-matiere-de-machines-de-chantier","status":"publish","type":"page","link":"https:\/\/www.rohrer-marti.ch\/fr\/apprentie-mecanicienne-en-matiere-de-machines-de-chantier\/","title":{"rendered":"Apprenti(e) m\u00e9canicien(ne) en mati\u00e8re de machines de chantier"},"content":{"rendered":"<div class=\"wpb-content-wrapper\"><p>[vc_row][vc_column]<div class=\"vcBlock-lead\"><\/p>\n<h2>Merci d&rsquo;\u00eatre venu!<\/h2>\n<p>Tu trouveras ici toutes les informations sur le poste ouvert.<\/p>\n<p data-start=\"154\" data-end=\"375\">Cette mission te correspond? Alors contacte-nous &#8211; nous sommes une \u00e9quipe coll\u00e9giale et engag\u00e9e et nous nous r\u00e9jouissons d&rsquo;accueillir des renforts motiv\u00e9s.<\/p>\n<p><\/div>[\/vc_column][\/vc_row][vc_row][vc_column][vc_column_text css=\u00a0\u00bb\u00a0\u00bb]<\/p>\n<h3>Apprenti(e) m\u00e9canicien(ne)<\/h3>\n<h3>en mati\u00e8re de machines de chantier<\/h3>\n<p>[\/vc_column_text][vc_column_text css=\u00a0\u00bb.vc_custom_1763111287180{margin-top: 100px !important;}\u00a0\u00bb]<strong>Ce qui t&rsquo;attend pendant tes 4 ann\u00e9es de formation<\/strong><\/p>\n<ul>\n<li>Travaux vari\u00e9s d&rsquo;entretien, de r\u00e9paration et de transformation sur l&rsquo;ensemble de notre gamme de produits dans un atelier moderne<\/li>\n<li>D\u00e9roulement structur\u00e9 de la formation et large offre de formation continue<\/li>\n<li>Une \u00e9quipe comp\u00e9tente de sp\u00e9cialistes qui te soutiennent par leurs conseils et leur aide<\/li>\n<\/ul>\n<p>[\/vc_column_text][vc_column_text css=\u00a0\u00bb.vc_custom_1763112069523{margin-top: 100px !important;}\u00a0\u00bb]<\/p>\n<p class=\"mb_s12 lastOfType:mb_s0 textStyle_p1\"><strong><span data-teams=\"true\">Ton profil<\/span><\/strong><\/p>\n<ul>\n<li>Un grand int\u00e9r\u00eat pour la technique de construction et les engins de chantier<\/li>\n<li>Tu te d\u00e9finis par ton habilet\u00e9 manuelle, ta pr\u00e9cision et ta grande volont\u00e9 d&rsquo;apprendre<\/li>\n<li>Tu es capable de travailler en \u00e9quipe, tu es fiable et tu as le sens des responsabilit\u00e9s<\/li>\n<\/ul>\n<p>[\/vc_column_text][\/vc_column][\/vc_row][vc_row full_width=\u00a0\u00bbstretch_row\u00a0\u00bb el_class=\u00a0\u00bbrowSectionVorteile\u00a0\u00bb][vc_column]\n\n            <div class=\"vcBlockVorteile noGbImg bgRed alLeft\">\n\n                <div class=\"divContent\" style=\"\"><h3 style=\"\" class=\"vc_custom_heading\">Nous offrons<\/h3><div class=\"wpb_text_column wpb_content_element \">\n\n                        <div class=\"wpb_wrapper\"><\/p>\n<ol>\n<li>Formation compl\u00e8te et formations continues en interne et chez les fournisseurs<\/li>\n<li>Travail passionnant et vari\u00e9 avec des possibilit\u00e9s d&rsquo;\u00e9volution<\/li>\n<li>\u00c9quipe familiale avec une hi\u00e9rarchie plate, culture ouverte et \u00e9galitaire<\/li>\n<li>Acc\u00e8s \u00e0 des \u00e9quipements et des technologies de pointe<\/li>\n<li>Soutien et accompagnement par des m\u00e9caniciens exp\u00e9riment\u00e9s dans le domaine des engins de chantier<\/li>\n<li>5 semaines de vacances, bonnes prestations sociales<\/li>\n<\/ol>\n<p><\/div>\n\n                    <\/div><\/div>\n\n                <i class=\"demo-icon icon-up-open\"> <\/i>\n\n            <\/div>[\/vc_column][\/vc_row][vc_row][vc_column]<div class=\"vcBlock-titel links \"><h3>Tu es int\u00e9ress\u00e9(e), tu habites id\u00e9alement dans la r\u00e9gion de Payerne et tu as les qualit\u00e9s et caract\u00e9ristiques d\u00e9crites ci-dessus?<br \/>\nAlors c'est toi que nous recherchons!<\/h3><\/div>[vc_column_text css=\u00a0\u00bb\u00a0\u00bb]<\/p>\n<p data-start=\"0\" data-end=\"42\"><strong data-start=\"4\" data-end=\"40\">Postuler maintenant chez:<\/strong><\/p>\n<p data-start=\"44\" data-end=\"233\"><span class=\"fw_semibold\" data-cy=\"vacancy-contact-name\">Christian R\u00fcegsegger, Responsable service apr\u00e8s-vente<\/span><span class=\"\" data-cy=\"vacancy-contact-role\"><br \/>\n<\/span><a href=\"&#x6d;&#97;i&#x6c;&#116;o&#x3a;&#106;o&#x62;&#x73;&#64;&#x72;&#x6f;&#104;r&#x65;&#114;-&#x6d;&#97;r&#x74;&#x69;&#46;&#x63;&#x68;\">&#106;&#x6f;&#98;&#x73;&#64;&#x72;o&#x68;r&#101;&#x72;&#45;&#x6d;&#97;&#x72;t&#x69;&#46;&#99;&#x68;<\/a><br \/>\nTel. +41 31 910 30 58<\/p>\n<p>[\/vc_column_text]<div class=\"vc-block-img  sRasterOneColumns\"><div class=\"overview\"><a data-fslightbox=\"gallerye1e7f36d75\" data-caption=\"Christian R\u00fcegsegger, Responsable service apr\u00e8s-vente\" href=\"https:\/\/www.rohrer-marti.ch\/wp-content\/uploads\/2025\/03\/Christian-Rueegsegger_6F0A1203.jpg\"><div class=\"imgItem\"><figure class=\"figure\"><img decoding=\"async\" src=\"https:\/\/www.rohrer-marti.ch\/wp-content\/uploads\/2025\/03\/Christian-Rueegsegger_6F0A1203.jpg\" \/><\/figure><\/div><\/a><\/div><\/div>[\/vc_column][\/vc_row]<\/p>\n<\/div>","protected":false},"excerpt":{"rendered":"<p>[vc_row][vc_column][\/vc_column][\/vc_row][vc_row][vc_column][vc_column_text css=\u00a0\u00bb\u00a0\u00bb] Apprenti(e) m\u00e9canicien(ne) en mati\u00e8re de machines de chantier [\/vc_column_text][vc_column_text css=\u00a0\u00bb.vc_custom_1763111287180{margin-top: 100px !important;}\u00a0\u00bb]Ce qui t&rsquo;attend pendant tes 4 ann\u00e9es de formation Travaux vari\u00e9s d&rsquo;entretien, de r\u00e9paration et de transformation sur l&rsquo;ensemble de notre gamme de produits dans un atelier moderne D\u00e9roulement structur\u00e9 de la formation et large offre de formation continue Une \u00e9quipe comp\u00e9tente [&hellip;]<\/p>\n","protected":false},"author":2,"featured_media":11686,"parent":0,"menu_order":0,"comment_status":"closed","ping_status":"closed","template":"","meta":{"_acf_changed":false,"footnotes":""},"class_list":["post-11675","page","type-page","status-publish","has-post-thumbnail","hentry"],"acf":[],"_links":{"self":[{"href":"https:\/\/www.rohrer-marti.ch\/fr\/wp-json\/wp\/v2\/pages\/11675","targetHints":{"allow":["GET"]}}],"collection":[{"href":"https:\/\/www.rohrer-marti.ch\/fr\/wp-json\/wp\/v2\/pages"}],"about":[{"href":"https:\/\/www.rohrer-marti.ch\/fr\/wp-json\/wp\/v2\/types\/page"}],"author":[{"embeddable":true,"href":"https:\/\/www.rohrer-marti.ch\/fr\/wp-json\/wp\/v2\/users\/2"}],"replies":[{"embeddable":true,"href":"https:\/\/www.rohrer-marti.ch\/fr\/wp-json\/wp\/v2\/comments?post=11675"}],"version-history":[{"count":3,"href":"https:\/\/www.rohrer-marti.ch\/fr\/wp-json\/wp\/v2\/pages\/11675\/revisions"}],"predecessor-version":[{"id":11681,"href":"https:\/\/www.rohrer-marti.ch\/fr\/wp-json\/wp\/v2\/pages\/11675\/revisions\/11681"}],"wp:featuredmedia":[{"embeddable":true,"href":"https:\/\/www.rohrer-marti.ch\/fr\/wp-json\/wp\/v2\/media\/11686"}],"wp:attachment":[{"href":"https:\/\/www.rohrer-marti.ch\/fr\/wp-json\/wp\/v2\/media?parent=11675"}],"curies":[{"name":"wp","href":"https:\/\/api.w.org\/{rel}","templated":true}]}}