{"id":10859,"date":"2025-08-06T12:35:40","date_gmt":"2025-08-06T12:35:40","guid":{"rendered":"https:\/\/www.rohrer-marti.ch\/?page_id=10859"},"modified":"2025-11-14T09:26:04","modified_gmt":"2025-11-14T09:26:04","slug":"technicienne-de-service-apres-vente-sav-en-machines-de-chantier-2","status":"publish","type":"page","link":"https:\/\/www.rohrer-marti.ch\/fr\/technicienne-de-service-apres-vente-sav-en-machines-de-chantier-2\/","title":{"rendered":"Technicien*ne de service apr\u00e8s-vente (SAV) en machines de chantier"},"content":{"rendered":"<div class=\"wpb-content-wrapper\"><p>[vc_row][vc_column]<div class=\"vcBlock-lead\"><\/p>\n<h2>Merci d&rsquo;\u00eatre venu!<\/h2>\n<p>Tu trouveras ici toutes les informations sur le poste ouvert.<\/p>\n<p data-start=\"154\" data-end=\"375\">Cette mission te correspond? Alors contacte-nous &#8211; nous sommes une \u00e9quipe coll\u00e9giale et engag\u00e9e et nous nous r\u00e9jouissons d&rsquo;accueillir des renforts motiv\u00e9s.<\/p>\n<p><\/div>[\/vc_column][\/vc_row][vc_row][vc_column][vc_column_text css=\u00a0\u00bb\u00a0\u00bb]<\/p>\n<h3><span data-teams=\"true\">Technicien*ne de service apr\u00e8s-vente (SAV) en machines de chantier<\/span><br \/>\n80-100 %<\/h3>\n<p>[\/vc_column_text][vc_column_text css=\u00a0\u00bb.vc_custom_1751616376013{margin-top: 100px !important;}\u00a0\u00bb]<strong>Ta mission<\/strong><\/p>\n<ul>\n<li>En tant que technicien\/ne de service, tu effectues des d\u00e9pannages directement chez nos clients.<\/li>\n<li>Tu effectues des travaux d&rsquo;entretien, des r\u00e9visions et des r\u00e9parations \u00e0 l&rsquo;atelier ou \u00e0 l&rsquo;ext\u00e9rieur.<\/li>\n<li>Tu effectues des recherches de pannes et des diagnostics \u00e0 l&rsquo;aide d&rsquo;instruments de mesure modernes.<\/li>\n<\/ul>\n<p>[\/vc_column_text][vc_column_text css=\u00a0\u00bb.vc_custom_1751617126187{margin-top: 100px !important;}\u00a0\u00bb]<\/p>\n<p class=\"mb_s12 lastOfType:mb_s0 textStyle_p1\"><strong><span data-teams=\"true\">Ton profil<\/span><\/strong><\/p>\n<ul>\n<li><span data-teams=\"true\">CFC de m\u00e9canicien en machines de chantier, machines agricoles, poids lourds ou formation jug\u00e9e \u00e9quivalente<\/span><\/li>\n<li><span data-teams=\"true\">Personne autonome et consciencieux, \u00e0 l&rsquo;aise avec la client\u00e8le<\/span><\/li>\n<li><span data-teams=\"true\">Permis de conduite cat. B<\/span><\/li>\n<\/ul>\n<p>[\/vc_column_text][\/vc_column][\/vc_row][vc_row full_width=\u00a0\u00bbstretch_row\u00a0\u00bb el_class=\u00a0\u00bbrowSectionVorteile\u00a0\u00bb][vc_column]\n\n            <div class=\"vcBlockVorteile noGbImg bgRed alLeft\">\n\n                <div class=\"divContent\" style=\"\"><h3 style=\"\" class=\"vc_custom_heading\">Nous offrons<\/h3><div class=\"wpb_text_column wpb_content_element \">\n\n                        <div class=\"wpb_wrapper\"><\/p>\n<ol>\n<li><span data-teams=\"true\">Une activit\u00e9 ind\u00e9pendante et int\u00e9ressante au sein d&rsquo;une \u00e9quipe jeune et dynamique<\/span><\/li>\n<li><span data-teams=\"true\">Une formation initiale et continue en interne et chez nos fournisseurs<\/span><\/li>\n<li><span data-teams=\"true\">Un v\u00e9hicule enti\u00e8rement \u00e9quip\u00e9 pour vos missions en ext\u00e9rieur<\/span><\/li>\n<li><span data-teams=\"true\">5 semaines de vacances annuel<\/span><\/li>\n<\/ol>\n<p><\/div>\n\n                    <\/div><\/div>\n\n                <i class=\"demo-icon icon-up-open\"> <\/i>\n\n            <\/div>[\/vc_column][\/vc_row][vc_row][vc_column]<div class=\"vcBlock-titel links \"><h3>Tu es int\u00e9ress\u00e9(e), tu as l'exp\u00e9rience et les qualit\u00e9s ci-dessus? Alors c'est toi que nous recherchons!<\/h3><\/div>[vc_column_text css=\u00a0\u00bb\u00a0\u00bb]<\/p>\n<p data-start=\"0\" data-end=\"42\"><strong data-start=\"4\" data-end=\"40\">Postuler maintenant chez:<\/strong><\/p>\n<p data-start=\"44\" data-end=\"233\"><span class=\"fw_semibold\" data-cy=\"vacancy-contact-name\">Christian R\u00fcegsegger, Responsable service apr\u00e8s-vente<\/span><span class=\"\" data-cy=\"vacancy-contact-role\"><br \/>\n<\/span><a href=\"&#x6d;&#x61;&#105;&#108;&#116;o&#x3a;&#x6a;&#x6f;&#98;&#115;&#64;r&#x6f;&#x68;&#x72;&#101;&#114;-&#x6d;&#x61;&#x72;&#116;&#105;&#46;c&#x68;\">&#x6a;&#x6f;&#x62;&#115;&#64;ro&#x68;&#x72;&#x65;&#114;&#45;ma&#x72;&#x74;&#x69;&#46;&#99;h<\/a><br \/>\nTel. +41 31 910 30 58<\/p>\n<p>[\/vc_column_text]<div class=\"vc-block-img  sRasterOneColumns\"><div class=\"overview\"><a data-fslightbox=\"galleryf99700a2aa\" data-caption=\"Christian R\u00fcegsegger, Responsable service apr\u00e8s-vente\" href=\"https:\/\/www.rohrer-marti.ch\/wp-content\/uploads\/2025\/03\/Christian-Rueegsegger_6F0A1203.jpg\"><div class=\"imgItem\"><figure class=\"figure\"><img decoding=\"async\" src=\"https:\/\/www.rohrer-marti.ch\/wp-content\/uploads\/2025\/03\/Christian-Rueegsegger_6F0A1203.jpg\" \/><\/figure><\/div><\/a><\/div><\/div>[\/vc_column][\/vc_row]<\/p>\n<\/div>","protected":false},"excerpt":{"rendered":"<p>[vc_row][vc_column][\/vc_column][\/vc_row][vc_row][vc_column][vc_column_text css=\u00a0\u00bb\u00a0\u00bb] Technicien*ne de service apr\u00e8s-vente (SAV) en machines de chantier 80-100 % [\/vc_column_text][vc_column_text css=\u00a0\u00bb.vc_custom_1751616376013{margin-top: 100px !important;}\u00a0\u00bb]Ta mission En tant que technicien\/ne de service, tu effectues des d\u00e9pannages directement chez nos clients. Tu effectues des travaux d&rsquo;entretien, des r\u00e9visions et des r\u00e9parations \u00e0 l&rsquo;atelier ou \u00e0 l&rsquo;ext\u00e9rieur. Tu effectues des recherches de pannes et des [&hellip;]<\/p>\n","protected":false},"author":7,"featured_media":3243,"parent":0,"menu_order":0,"comment_status":"closed","ping_status":"closed","template":"","meta":{"_acf_changed":false,"footnotes":""},"class_list":["post-10859","page","type-page","status-publish","has-post-thumbnail","hentry"],"acf":[],"_links":{"self":[{"href":"https:\/\/www.rohrer-marti.ch\/fr\/wp-json\/wp\/v2\/pages\/10859","targetHints":{"allow":["GET"]}}],"collection":[{"href":"https:\/\/www.rohrer-marti.ch\/fr\/wp-json\/wp\/v2\/pages"}],"about":[{"href":"https:\/\/www.rohrer-marti.ch\/fr\/wp-json\/wp\/v2\/types\/page"}],"author":[{"embeddable":true,"href":"https:\/\/www.rohrer-marti.ch\/fr\/wp-json\/wp\/v2\/users\/7"}],"replies":[{"embeddable":true,"href":"https:\/\/www.rohrer-marti.ch\/fr\/wp-json\/wp\/v2\/comments?post=10859"}],"version-history":[{"count":1,"href":"https:\/\/www.rohrer-marti.ch\/fr\/wp-json\/wp\/v2\/pages\/10859\/revisions"}],"predecessor-version":[{"id":10864,"href":"https:\/\/www.rohrer-marti.ch\/fr\/wp-json\/wp\/v2\/pages\/10859\/revisions\/10864"}],"wp:featuredmedia":[{"embeddable":true,"href":"https:\/\/www.rohrer-marti.ch\/fr\/wp-json\/wp\/v2\/media\/3243"}],"wp:attachment":[{"href":"https:\/\/www.rohrer-marti.ch\/fr\/wp-json\/wp\/v2\/media?parent=10859"}],"curies":[{"name":"wp","href":"https:\/\/api.w.org\/{rel}","templated":true}]}}